{"id":11148,"date":"2019-06-14T15:06:21","date_gmt":"2019-06-14T15:06:21","guid":{"rendered":"https:\/\/seesaw-foto.com\/kontakt-aufnehmen\/"},"modified":"2023-05-26T06:42:22","modified_gmt":"2023-05-26T06:42:22","slug":"kontakt-aufnehmen","status":"publish","type":"page","link":"https:\/\/seesaw-foto.com\/de\/kontakt-aufnehmen\/","title":{"rendered":"Kontakt aufnehmen"},"content":{"rendered":"\t\t<div data-elementor-type=\"wp-post\" data-elementor-id=\"11148\" class=\"elementor elementor-11148 elementor-675\" data-elementor-post-type=\"page\">\n\t\t\t\t\t\t<section class=\"elementor-section elementor-top-section elementor-element elementor-element-fe96017 elementor-section-boxed elementor-section-height-default elementor-section-height-default\" data-id=\"fe96017\" data-element_type=\"section\" data-e-type=\"section\" data-settings=\"{&quot;background_background&quot;:&quot;classic&quot;}\">\n\t\t\t\t\t\t<div class=\"elementor-container elementor-column-gap-default\">\n\t\t\t\t\t<div class=\"elementor-column elementor-col-100 elementor-top-column elementor-element elementor-element-40101ce\" data-id=\"40101ce\" data-element_type=\"column\" data-e-type=\"column\">\n\t\t\t<div class=\"elementor-widget-wrap elementor-element-populated\">\n\t\t\t\t\t\t<div class=\"elementor-element elementor-element-4f34ce2 elementor-widget elementor-widget-spacer\" data-id=\"4f34ce2\" data-element_type=\"widget\" data-e-type=\"widget\" data-widget_type=\"spacer.default\">\n\t\t\t\t<div class=\"elementor-widget-container\">\n\t\t\t\t\t\t\t<div class=\"elementor-spacer\">\n\t\t\t<div class=\"elementor-spacer-inner\"><\/div>\n\t\t<\/div>\n\t\t\t\t\t\t<\/div>\n\t\t\t\t<\/div>\n\t\t\t\t\t<\/div>\n\t\t<\/div>\n\t\t\t\t\t<\/div>\n\t\t<\/section>\n\t\t\t\t<section class=\"elementor-section elementor-top-section elementor-element elementor-element-e008e5a elementor-section-stretched elementor-section-full_width elementor-section-height-default elementor-section-height-default\" data-id=\"e008e5a\" data-element_type=\"section\" data-e-type=\"section\" data-settings=\"{&quot;stretch_section&quot;:&quot;section-stretched&quot;}\">\n\t\t\t\t\t\t<div class=\"elementor-container elementor-column-gap-default\">\n\t\t\t\t\t<div class=\"elementor-column elementor-col-50 elementor-top-column elementor-element elementor-element-1153a7c\" data-id=\"1153a7c\" data-element_type=\"column\" data-e-type=\"column\">\n\t\t\t<div class=\"elementor-widget-wrap elementor-element-populated\">\n\t\t\t\t\t<div class=\"elementor-background-overlay\"><\/div>\n\t\t\t\t\t\t<div class=\"elementor-element elementor-element-2d8cf28 elementor-widget elementor-widget-html\" data-id=\"2d8cf28\" data-element_type=\"widget\" data-e-type=\"widget\" data-widget_type=\"html.default\">\n\t\t\t\t<div class=\"elementor-widget-container\">\n\t\t\t\t\t\n          <iframe src=\"https:\/\/www.google.com\/maps\/embed?pb=!1m18!1m12!1m3!1d2426.577765251722!2d13.416281315245644!3d52.54107324242049!2m3!1f0!2f0!3f0!3m2!1i1024!2i768!4f13.1!3m3!1m2!1s0x47a84dff7371f401%3A0x16269fa53ae65c4!2sSeeSaw%20Agency!5e0!3m2!1sen!2sde!4v1678705865054!5m2!1sen!2sde\" width=\"600\" height=\"450\" style=\"border:0;\" allowfullscreen=\"\" loading=\"lazy\" referrerpolicy=\"no-referrer-when-downgrade\"><\/iframe>\n        \t\t\t\t<\/div>\n\t\t\t\t<\/div>\n\t\t\t\t<div class=\"elementor-element elementor-element-a0d9867 elementor-position-left elementor-vertical-align-top elementor-invisible elementor-widget elementor-widget-image-box\" data-id=\"a0d9867\" data-element_type=\"widget\" data-e-type=\"widget\" data-settings=\"{&quot;_animation&quot;:&quot;zoomIn&quot;}\" data-widget_type=\"image-box.default\">\n\t\t\t\t<div class=\"elementor-widget-container\">\n\t\t\t\t\t<div class=\"elementor-image-box-wrapper\"><figure class=\"elementor-image-box-img\"><img decoding=\"async\" width=\"88\" height=\"96\" src=\"https:\/\/seesaw-foto.com\/wp-content\/uploads\/2019\/06\/contact_icon1.png\" class=\"attachment-large size-large wp-image-607\" alt=\"event videographer berlin\" title=\"contact_icon1\" \/><\/figure><div class=\"elementor-image-box-content\"><h6 class=\"elementor-image-box-title\"><span style=\"margin: 0px;padding: 0px;font-size: 16px;line-height: 28px;text-transform: uppercase;white-space: normal\">KONTAKT INFO<\/span><br>EMAIL<\/h6><p class=\"elementor-image-box-description\"><a href=\"mailto:ma**@*********to.com\" data-original-string=\"VXEHj9CL2EYY9tzUo5KUSQ==9ae9tkwCMN2616Hf4UeyY2muXBfzucTEGkrMZ7hjGtAD94=\" title=\"Dieser Kontakt wurde von Anti-Spam by CleanTalk verschl\u00fcsselt. Klicken Sie hier, um ihn zu entschl\u00fcsseln. Um die Entschl\u00fcsselung abzuschlie\u00dfen, stellen Sie sicher, dass JavaScript in Ihrem Browser aktiviert ist.\" style=\"color:inherit\">Yehuda Swed<\/a><br><a href=\"mailto:ma**@*********to.com\" data-original-string=\"KkATk\/kLoCgvpDAbulgbpg==9aeK0jQHJToz9Np9XuLPvu\/a\/5sXF0X14LhYAfnK42It6s=\" title=\"Dieser Kontakt wurde von Anti-Spam by CleanTalk verschl\u00fcsselt. Klicken Sie hier, um ihn zu entschl\u00fcsseln. Um die Entschl\u00fcsselung abzuschlie\u00dfen, stellen Sie sicher, dass JavaScript in Ihrem Browser aktiviert ist.\" style=\"color:inherit\">mail(at)seesaw-foto.com<\/a><br>+491637187136  <br><br><span style=\"font-size: 14px;font-weight: bold;letter-spacing: 1px;text-transform: none\">HAUPTB\u00dcRO<\/span><br><span style=\"font-size: 14px;font-weight: bold;letter-spacing: 1px;text-transform: none\"><\/span>SeeSaw GmbH<br>DUNCKERSTRASSE 89 10437 <br>BERLIN, GERMAN<\/p><\/div><\/div>\t\t\t\t<\/div>\n\t\t\t\t<\/div>\n\t\t\t\t\t<\/div>\n\t\t<\/div>\n\t\t\t\t<div class=\"elementor-column elementor-col-50 elementor-top-column elementor-element elementor-element-f387339\" data-id=\"f387339\" data-element_type=\"column\" data-e-type=\"column\">\n\t\t\t<div class=\"elementor-widget-wrap elementor-element-populated\">\n\t\t\t\t\t\t<div class=\"elementor-element elementor-element-220c492 elementor-widget elementor-widget-shortcode\" data-id=\"220c492\" data-element_type=\"widget\" data-e-type=\"widget\" data-widget_type=\"shortcode.default\">\n\t\t\t\t<div class=\"elementor-widget-container\">\n\t\t\t\t\t\t\t<div class=\"elementor-shortcode\">\n\n<div class=\"wpcf7 no-js\" id=\"wpcf7-f11503-o1\" lang=\"de-DE\" dir=\"ltr\" data-wpcf7-id=\"11503\">\n<div class=\"screen-reader-response\"><p role=\"status\" aria-live=\"polite\" aria-atomic=\"true\"><\/p> <ul><\/ul><\/div>\n<form action=\"\/de\/wp-json\/wp\/v2\/pages\/11148#wpcf7-f11503-o1\" method=\"post\" class=\"wpcf7-form init\" aria-label=\"Kontaktformular\" novalidate=\"novalidate\" data-status=\"init\">\n<fieldset class=\"hidden-fields-container\"><input type=\"hidden\" name=\"_wpcf7\" value=\"11503\" \/><input type=\"hidden\" name=\"_wpcf7_version\" value=\"6.1.5\" \/><input type=\"hidden\" name=\"_wpcf7_locale\" value=\"de_DE\" \/><input type=\"hidden\" name=\"_wpcf7_unit_tag\" value=\"wpcf7-f11503-o1\" \/><input type=\"hidden\" name=\"_wpcf7_container_post\" value=\"0\" \/><input type=\"hidden\" name=\"_wpcf7_posted_data_hash\" value=\"\" \/>\n<\/fieldset>\n<p><label> Your name<br \/>\n<span class=\"wpcf7-form-control-wrap\" data-name=\"your-name\"><input size=\"40\" maxlength=\"400\" class=\"wpcf7-form-control wpcf7-text wpcf7-validates-as-required\" autocomplete=\"name\" aria-required=\"true\" aria-invalid=\"false\" value=\"\" type=\"text\" name=\"your-name\" \/><\/span> <\/label>\n<\/p>\n<p><label> Your email<br \/>\n<span class=\"wpcf7-form-control-wrap\" data-name=\"your-email\"><input size=\"40\" maxlength=\"400\" class=\"wpcf7-form-control wpcf7-email wpcf7-validates-as-required wpcf7-text wpcf7-validates-as-email\" autocomplete=\"email\" aria-required=\"true\" aria-invalid=\"false\" value=\"\" type=\"email\" name=\"your-email\" \/><\/span> <\/label>\n<\/p>\n<p><label> Subject<br \/>\n<span class=\"wpcf7-form-control-wrap\" data-name=\"your-subject\"><input size=\"40\" maxlength=\"400\" class=\"wpcf7-form-control wpcf7-text wpcf7-validates-as-required\" aria-required=\"true\" aria-invalid=\"false\" value=\"\" type=\"text\" name=\"your-subject\" \/><\/span> <\/label>\n<\/p>\n<p><label> Your message (optional)<br \/>\n<span class=\"wpcf7-form-control-wrap\" data-name=\"your-message\"><textarea cols=\"40\" rows=\"10\" maxlength=\"2000\" class=\"wpcf7-form-control wpcf7-textarea\" aria-invalid=\"false\" name=\"your-message\"><\/textarea><\/span> <\/label>\n<\/p>\n<p><input class=\"wpcf7-form-control wpcf7-submit has-spinner\" type=\"submit\" value=\"Submit\" \/>\n<\/p><input type=\"hidden\" id=\"ct_checkjs_cf7_41f1f19176d383480afa65d325c06ed0\" name=\"ct_checkjs_cf7\" value=\"0\" \/><script >setTimeout(function(){var ct_input_name = \"ct_checkjs_cf7_41f1f19176d383480afa65d325c06ed0\";if (document.getElementById(ct_input_name) !== null) {var ct_input_value = document.getElementById(ct_input_name).value;document.getElementById(ct_input_name).value = document.getElementById(ct_input_name).value.replace(ct_input_value, '815f487658f36565baed1f03a423c197f747de8393f82e0bca845c98133ddccb');}}, 1000);<\/script><input\n                    class=\"apbct_special_field apbct_email_id__wp_contact_form_7\"\n                    name=\"apbct__email_id__wp_contact_form_7\"\n                    aria-label=\"Kontaktformular\"\n                    type=\"text\" size=\"30\" maxlength=\"200\" autocomplete=\"off\"\n                    value=\"\"\n                \/><div class=\"wpcf7-response-output\" aria-hidden=\"true\"><\/div>\n<input\n                    class=\"apbct_special_field apbct_email_id__elementor_form\"\n                    name=\"apbct__email_id__elementor_form\"\n                    aria-label=\"Kontaktformular\"\n                    type=\"text\" size=\"30\" maxlength=\"200\" autocomplete=\"off\"\n                    value=\"\"\n                \/><\/form>\n<\/div>\n        <\/div>\n\t\t\t\t\t\t<\/div>\n\t\t\t\t<\/div>\n\t\t\t\t\t<\/div>\n\t\t<\/div>\n\t\t\t\t\t<\/div>\n\t\t<\/section>\n\t\t\t\t<\/div>\n\t\t","protected":false},"excerpt":{"rendered":"<p>KONTAKT INFOEMAIL Yehuda Swedmail(at)seesaw-foto.com+491637187136 HAUPTB\u00dcROSeeSaw GmbHDUNCKERSTRASSE 89 10437 BERLIN, GERMAN<\/p>\n","protected":false},"author":3,"featured_media":0,"parent":0,"menu_order":0,"comment_status":"closed","ping_status":"closed","template":"","meta":{"footnotes":""},"class_list":["post-11148","page","type-page","status-publish","hentry"],"yoast_head":"<!-- This site is optimized with the Yoast SEO Premium plugin v20.7 (Yoast SEO v27.1.1) - https:\/\/yoast.com\/product\/yoast-seo-premium-wordpress\/ -->\n<title>Kontakt aufnehmen - SeeSaw | Photographer + Videographer for Events<\/title>\n<meta name=\"robots\" content=\"index, follow, max-snippet:-1, max-image-preview:large, max-video-preview:-1\" \/>\n<link rel=\"canonical\" href=\"https:\/\/seesaw-foto.com\/de\/kontakt-aufnehmen\/\" \/>\n<meta property=\"og:locale\" content=\"de_DE\" \/>\n<meta property=\"og:type\" content=\"article\" \/>\n<meta property=\"og:title\" content=\"Kontakt aufnehmen\" \/>\n<meta property=\"og:description\" content=\"KONTAKT INFOEMAIL Yehuda Swedmail(at)seesaw-foto.com+491637187136 HAUPTB\u00dcROSeeSaw GmbHDUNCKERSTRASSE 89 10437 BERLIN, GERMAN\" \/>\n<meta property=\"og:url\" content=\"https:\/\/seesaw-foto.com\/de\/kontakt-aufnehmen\/\" \/>\n<meta property=\"og:site_name\" content=\"SeeSaw | Photographer + Videographer for Events\" \/>\n<meta property=\"article:publisher\" content=\"https:\/\/web.facebook.com\/EventPhotographyBerlin\" \/>\n<meta property=\"article:modified_time\" content=\"2023-05-26T06:42:22+00:00\" \/>\n<meta property=\"og:image\" content=\"https:\/\/seesaw-foto.com\/wp-content\/uploads\/2019\/06\/contact_icon1.png\" \/>\n<meta name=\"twitter:card\" content=\"summary_large_image\" \/>\n<!-- \/ Yoast SEO Premium plugin. -->","yoast_head_json":{"title":"Kontakt aufnehmen - SeeSaw | Photographer + Videographer for Events","robots":{"index":"index","follow":"follow","max-snippet":"max-snippet:-1","max-image-preview":"max-image-preview:large","max-video-preview":"max-video-preview:-1"},"canonical":"https:\/\/seesaw-foto.com\/de\/kontakt-aufnehmen\/","og_locale":"de_DE","og_type":"article","og_title":"Kontakt aufnehmen","og_description":"KONTAKT INFOEMAIL Yehuda Swedmail(at)seesaw-foto.com+491637187136 HAUPTB\u00dcROSeeSaw GmbHDUNCKERSTRASSE 89 10437 BERLIN, GERMAN","og_url":"https:\/\/seesaw-foto.com\/de\/kontakt-aufnehmen\/","og_site_name":"SeeSaw | Photographer + Videographer for Events","article_publisher":"https:\/\/web.facebook.com\/EventPhotographyBerlin","article_modified_time":"2023-05-26T06:42:22+00:00","og_image":[{"url":"https:\/\/seesaw-foto.com\/wp-content\/uploads\/2019\/06\/contact_icon1.png","type":"","width":"","height":""}],"twitter_card":"summary_large_image","schema":{"@context":"https:\/\/schema.org","@graph":[{"@type":"WebPage","@id":"https:\/\/seesaw-foto.com\/de\/kontakt-aufnehmen\/","url":"https:\/\/seesaw-foto.com\/de\/kontakt-aufnehmen\/","name":"Kontakt aufnehmen - SeeSaw | Photographer + Videographer for Events","isPartOf":{"@id":"https:\/\/seesaw-foto.com\/de\/#website"},"primaryImageOfPage":{"@id":"https:\/\/seesaw-foto.com\/de\/kontakt-aufnehmen\/#primaryimage"},"image":{"@id":"https:\/\/seesaw-foto.com\/de\/kontakt-aufnehmen\/#primaryimage"},"thumbnailUrl":"https:\/\/seesaw-foto.com\/wp-content\/uploads\/2019\/06\/contact_icon1.png","datePublished":"2019-06-14T15:06:21+00:00","dateModified":"2023-05-26T06:42:22+00:00","breadcrumb":{"@id":"https:\/\/seesaw-foto.com\/de\/kontakt-aufnehmen\/#breadcrumb"},"inLanguage":"de","potentialAction":[{"@type":"ReadAction","target":["https:\/\/seesaw-foto.com\/de\/kontakt-aufnehmen\/"]}]},{"@type":"ImageObject","inLanguage":"de","@id":"https:\/\/seesaw-foto.com\/de\/kontakt-aufnehmen\/#primaryimage","url":"https:\/\/seesaw-foto.com\/wp-content\/uploads\/2019\/06\/contact_icon1.png","contentUrl":"https:\/\/seesaw-foto.com\/wp-content\/uploads\/2019\/06\/contact_icon1.png"},{"@type":"BreadcrumbList","@id":"https:\/\/seesaw-foto.com\/de\/kontakt-aufnehmen\/#breadcrumb","itemListElement":[{"@type":"ListItem","position":1,"name":"Home","item":"https:\/\/seesaw-foto.com\/de\/"},{"@type":"ListItem","position":2,"name":"Kontakt aufnehmen"}]},{"@type":"WebSite","@id":"https:\/\/seesaw-foto.com\/de\/#website","url":"https:\/\/seesaw-foto.com\/de\/","name":"SeeSaw | Photographer + Videographer for Events","description":"Event Photography and Event Video services in Berlin, Hamburg and Frankfurt for Corporate Events","publisher":{"@id":"https:\/\/seesaw-foto.com\/de\/#organization"},"potentialAction":[{"@type":"SearchAction","target":{"@type":"EntryPoint","urlTemplate":"https:\/\/seesaw-foto.com\/de\/?s={search_term_string}"},"query-input":{"@type":"PropertyValueSpecification","valueRequired":true,"valueName":"search_term_string"}}],"inLanguage":"de"},{"@type":"Organization","@id":"https:\/\/seesaw-foto.com\/de\/#organization","name":"See Saw event photography","url":"https:\/\/seesaw-foto.com\/de\/","logo":{"@type":"ImageObject","inLanguage":"de","@id":"https:\/\/seesaw-foto.com\/de\/#\/schema\/logo\/image\/","url":"https:\/\/www.seesaw-foto.com\/wp-content\/uploads\/2020\/11\/seesaw-print-1.png","contentUrl":"https:\/\/www.seesaw-foto.com\/wp-content\/uploads\/2020\/11\/seesaw-print-1.png","width":1448,"height":1549,"caption":"See Saw event photography"},"image":{"@id":"https:\/\/seesaw-foto.com\/de\/#\/schema\/logo\/image\/"},"sameAs":["https:\/\/web.facebook.com\/EventPhotographyBerlin","https:\/\/www.pinterest.de\/seesawagency\/"]}]}},"_links":{"self":[{"href":"https:\/\/seesaw-foto.com\/de\/wp-json\/wp\/v2\/pages\/11148","targetHints":{"allow":["GET"]}}],"collection":[{"href":"https:\/\/seesaw-foto.com\/de\/wp-json\/wp\/v2\/pages"}],"about":[{"href":"https:\/\/seesaw-foto.com\/de\/wp-json\/wp\/v2\/types\/page"}],"author":[{"embeddable":true,"href":"https:\/\/seesaw-foto.com\/de\/wp-json\/wp\/v2\/users\/3"}],"replies":[{"embeddable":true,"href":"https:\/\/seesaw-foto.com\/de\/wp-json\/wp\/v2\/comments?post=11148"}],"version-history":[{"count":0,"href":"https:\/\/seesaw-foto.com\/de\/wp-json\/wp\/v2\/pages\/11148\/revisions"}],"wp:attachment":[{"href":"https:\/\/seesaw-foto.com\/de\/wp-json\/wp\/v2\/media?parent=11148"}],"curies":[{"name":"wp","href":"https:\/\/api.w.org\/{rel}","templated":true}]}}