{"id":11092,"date":"2019-05-24T06:08:44","date_gmt":"2019-05-24T06:08:44","guid":{"rendered":"https:\/\/seesaw-foto.com\/journal\/"},"modified":"2023-04-11T23:40:23","modified_gmt":"2023-04-11T23:40:23","slug":"journal","status":"publish","type":"page","link":"https:\/\/seesaw-foto.com\/de\/journal\/","title":{"rendered":"Journal"},"content":{"rendered":"\t\t<div data-elementor-type=\"wp-post\" data-elementor-id=\"11092\" class=\"elementor elementor-11092 elementor-504\" data-elementor-post-type=\"page\">\n\t\t\t\t\t\t<section class=\"elementor-section elementor-top-section elementor-element elementor-element-e85d305 elementor-section-boxed elementor-section-height-default elementor-section-height-default\" data-id=\"e85d305\" data-element_type=\"section\" data-e-type=\"section\">\n\t\t\t\t\t\t<div class=\"elementor-container elementor-column-gap-default\">\n\t\t\t\t\t<div class=\"elementor-column elementor-col-100 elementor-top-column elementor-element elementor-element-56d8ceb\" data-id=\"56d8ceb\" data-element_type=\"column\" data-e-type=\"column\">\n\t\t\t<div class=\"elementor-widget-wrap elementor-element-populated\">\n\t\t\t\t\t\t<div class=\"elementor-element elementor-element-121b835 post_has_media_content-yes elementor-widget elementor-widget-gt3-core-blog\" data-id=\"121b835\" data-element_type=\"widget\" data-e-type=\"widget\" data-widget_type=\"gt3-core-blog.default\">\n\t\t\t\t<div class=\"elementor-widget-container\">\n\t\t\t\t\t<script type=\"application\/json\" id=\"settings--121b835\">{\"packery\":false,\"isotope_settings\":{\"layoutMode\":\"masonry\"}}<\/script>\t<div class=\"gt3_module_blog items1  items_type1\">\r\n\t\t\t\t<div class=\"blog_post_preview isotope_item isotope-item  format-standard-image marketing-de video-produktion packery_blog_item_1  \">\r\n                        <div class=\"item_wrapper\" >\r\n                            <div class=\"blog_content\"><div class=\"blog_post_media\"><a href=\"https:\/\/seesaw-foto.com\/de\/warum-videomarketing-in-ihre-b2b-marketingstrategie-aufgenommen-werden-sollte-und-wie-sie-damit-beginnen-koennen\/\"><img decoding=\"async\" src=\"https:\/\/seesaw-foto.com\/wp-content\/uploads\/2021\/12\/Screenshot-2021-12-14-at-18.07.56.png\" alt=\"\" \/><\/a><\/div><div class=\"gt3_page_title_cats\"><span class=\"post_category\"><a href=\"https:\/\/seesaw-foto.com\/de\/category\/marketing-de\/\" rel=\"category tag\">Marketing<\/a> <a href=\"https:\/\/seesaw-foto.com\/de\/category\/video-produktion\/\" rel=\"category tag\">Video-Produktion<\/a><\/span><\/div><div class=\"listing_meta_wrap\"><div class=\"listing_meta\"><span class=\"post_date\">Dezember 14, 2021<\/span><span class=\"post_author\">by <a href=\"https:\/\/seesaw-foto.com\/de\/author\/yehuda\/\">yehuda<\/a><\/span><span class=\"post_category\"><a href=\"https:\/\/seesaw-foto.com\/de\/category\/marketing-de\/\" rel=\"category tag\">Marketing<\/a> <a href=\"https:\/\/seesaw-foto.com\/de\/category\/video-produktion\/\" rel=\"category tag\">Video-Produktion<\/a><\/span><\/div><\/div><h2 class=\"blogpost_title\"><a href=\"https:\/\/seesaw-foto.com\/de\/warum-videomarketing-in-ihre-b2b-marketingstrategie-aufgenommen-werden-sollte-und-wie-sie-damit-beginnen-koennen\/\">Warum Videomarketing in Ihre B2B-Marketingstrategie aufgenommen werden sollte und wie Sie damit beginnen k\u00f6nnen<\/a><\/h2><div class=\"blog_item_description\">Warum Videomarketing in Ihre B2B-Marketingstrategie aufgenommen werden sollte und wie Sie damit beginnen k\u00f6nnen\nYouTube ist derzeit eine der gr\u00f6\u00dften Videoplattformen der Welt. YouTube verarbeitet mehr als 3 Milliarden Suchanfragen pro Monat. Jede Minute werden 100 Stunden Video hochgeladen. Auch das Volumen der Uploads &#8211; rund 500 Stunden pro Minute &#8211; zeigt, wie...<\/div><div class=\"clear post_clear\"><\/div><div class=\"gt3_post_footer\"><div class=\"gt3_module_button_list\"><a href=\"https:\/\/seesaw-foto.com\/de\/warum-videomarketing-in-ihre-b2b-marketingstrategie-aufgenommen-werden-sollte-und-wie-sie-damit-beginnen-koennen\/\">Read More<\/a><\/div><div class=\"clear\"><\/div><\/div><\/div>\r\n\t\t\t\t\t\t<\/div>\r\n\t\t\t\t\t<\/div>\r\n\t\t\t\t\t<div class=\"blog_post_preview isotope_item isotope-item  format-standard-image video-produktion packery_blog_item_2  \">\r\n                        <div class=\"item_wrapper\" >\r\n                            <div class=\"blog_content\"><div class=\"blog_post_media\"><a href=\"https:\/\/seesaw-foto.com\/de\/bild-filmqualitaet-vs-budget\/\"><img decoding=\"async\" src=\"https:\/\/seesaw-foto.com\/wp-content\/uploads\/2020\/11\/20210303_Kickstarter_5V4A0066.jpg\" alt=\"\" \/><\/a><\/div><div class=\"gt3_page_title_cats\"><span class=\"post_category\"><a href=\"https:\/\/seesaw-foto.com\/de\/category\/video-produktion\/\" rel=\"category tag\">Video-Produktion<\/a><\/span><\/div><div class=\"listing_meta_wrap\"><div class=\"listing_meta\"><span class=\"post_date\">Dezember 1, 2021<\/span><span class=\"post_author\">by <a href=\"https:\/\/seesaw-foto.com\/de\/author\/yehuda\/\">yehuda<\/a><\/span><span class=\"post_category\"><a href=\"https:\/\/seesaw-foto.com\/de\/category\/video-produktion\/\" rel=\"category tag\">Video-Produktion<\/a><\/span><\/div><\/div><h2 class=\"blogpost_title\"><a href=\"https:\/\/seesaw-foto.com\/de\/bild-filmqualitaet-vs-budget\/\">Bild Filmqualit\u00e4t VS Budget<\/a><\/h2><div class=\"blog_item_description\">Wie viel kostet ein Imagefilm?\nWie viel kostet ein Imagefilm? Wie hoch ist der Preis f\u00fcr einen Imagefilm? Bei einer ersten Anfrage oder einem Kostenvoranschlag f\u00fcr eine neue Imagefilmproduktion stellen wir oft fest, dass es sehr unterschiedliche Vorstellungen dar\u00fcber gibt, welche Leistungen f\u00fcr einen professionellen Imagefilm notwendig sind und was sie kosten.\nWovon genau...<\/div><div class=\"clear post_clear\"><\/div><div class=\"gt3_post_footer\"><div class=\"gt3_module_button_list\"><a href=\"https:\/\/seesaw-foto.com\/de\/bild-filmqualitaet-vs-budget\/\">Read More<\/a><\/div><div class=\"clear\"><\/div><\/div><\/div>\r\n\t\t\t\t\t\t<\/div>\r\n\t\t\t\t\t<\/div>\r\n\t\t\t\t\t<div class=\"blog_post_preview isotope_item isotope-item  format-standard-image beispielhafte-ereignisse fallstudie hohepunkte-video unkategorisiert packery_blog_item_3  \">\r\n                        <div class=\"item_wrapper\" >\r\n                            <div class=\"blog_content\"><div class=\"blog_post_media\"><a href=\"https:\/\/seesaw-foto.com\/de\/arival-berlin-conferance-2018\/\"><img decoding=\"async\" src=\"https:\/\/seesaw-foto.com\/wp-content\/uploads\/2021\/11\/20190305-ARIVAL-Berlin_0993.jpg\" alt=\"\" \/><\/a><\/div><div class=\"gt3_page_title_cats\"><span class=\"post_category\"><a href=\"https:\/\/seesaw-foto.com\/de\/category\/beispielhafte-ereignisse\/\" rel=\"category tag\">Beispielhafte Ereignisse<\/a> <a href=\"https:\/\/seesaw-foto.com\/de\/category\/fallstudie\/\" rel=\"category tag\">Fallstudie<\/a> <a href=\"https:\/\/seesaw-foto.com\/de\/category\/hohepunkte-video\/\" rel=\"category tag\">H\u00f6hepunkte Video<\/a> <a href=\"https:\/\/seesaw-foto.com\/de\/category\/unkategorisiert\/\" rel=\"category tag\">Unkategorisiert<\/a><\/span><\/div><div class=\"listing_meta_wrap\"><div class=\"listing_meta\"><span class=\"post_date\">November 16, 2021<\/span><span class=\"post_author\">by <a href=\"https:\/\/seesaw-foto.com\/de\/author\/yehuda\/\">yehuda<\/a><\/span><span class=\"post_category\"><a href=\"https:\/\/seesaw-foto.com\/de\/category\/beispielhafte-ereignisse\/\" rel=\"category tag\">Beispielhafte Ereignisse<\/a> <a href=\"https:\/\/seesaw-foto.com\/de\/category\/fallstudie\/\" rel=\"category tag\">Fallstudie<\/a> <a href=\"https:\/\/seesaw-foto.com\/de\/category\/hohepunkte-video\/\" rel=\"category tag\">H\u00f6hepunkte Video<\/a> <a href=\"https:\/\/seesaw-foto.com\/de\/category\/unkategorisiert\/\" rel=\"category tag\">Unkategorisiert<\/a><\/span><\/div><\/div><h2 class=\"blogpost_title\"><a href=\"https:\/\/seesaw-foto.com\/de\/arival-berlin-conferance-2018\/\">Arival &#8211; Berlin Conferance 2018<\/a><\/h2><div class=\"blog_item_description\">3 Tage lang war unser Team, bestehend aus 2 Videografen, einem Fotografen und einem Tontechniker, damit besch\u00e4ftigt, den gesamten Social-Media-Content f\u00fcr die Arival-Konferenz in Berlin zu produzieren. In diesen 2 Tagen haben wir mehr als 20 Interviews in einem von uns gebauten Studio vor Ort aufgenommen. \nIm folgenden Video sehen Sie die H\u00f6hepunkte der Veranstaltung von...<\/div><div class=\"clear post_clear\"><\/div><div class=\"gt3_post_footer\"><div class=\"gt3_module_button_list\"><a href=\"https:\/\/seesaw-foto.com\/de\/arival-berlin-conferance-2018\/\">Read More<\/a><\/div><div class=\"clear\"><\/div><\/div><\/div>\r\n\t\t\t\t\t\t<\/div>\r\n\t\t\t\t\t<\/div>\r\n\t\t\t\t\t<div class=\"blog_post_preview isotope_item isotope-item  format-standard-image beispielhafte-ereignisse event-photography-de event-fotografie fallstudie unkategorisiert packery_blog_item_4  \">\r\n                        <div class=\"item_wrapper\" >\r\n                            <div class=\"blog_content\"><div class=\"blog_post_media\"><a href=\"https:\/\/seesaw-foto.com\/de\/veranstaltungsfotografie-10x-genomics\/\"><img decoding=\"async\" src=\"https:\/\/seesaw-foto.com\/wp-content\/uploads\/2021\/11\/20211006_Berlin_10xGenomics_5V4A4382.jpg\" alt=\"\" \/><\/a><\/div><div class=\"gt3_page_title_cats\"><span class=\"post_category\"><a href=\"https:\/\/seesaw-foto.com\/de\/category\/beispielhafte-ereignisse\/\" rel=\"category tag\">Beispielhafte Ereignisse<\/a> <a href=\"https:\/\/seesaw-foto.com\/de\/category\/event-photography-de\/\" rel=\"category tag\">Event photography<\/a> <a href=\"https:\/\/seesaw-foto.com\/de\/category\/event-fotografie\/\" rel=\"category tag\">Event-Fotografie<\/a> <a href=\"https:\/\/seesaw-foto.com\/de\/category\/fallstudie\/\" rel=\"category tag\">Fallstudie<\/a> <a href=\"https:\/\/seesaw-foto.com\/de\/category\/unkategorisiert\/\" rel=\"category tag\">Unkategorisiert<\/a><\/span><\/div><div class=\"listing_meta_wrap\"><div class=\"listing_meta\"><span class=\"post_date\">November 12, 2021<\/span><span class=\"post_author\">by <a href=\"https:\/\/seesaw-foto.com\/de\/author\/yehuda\/\">yehuda<\/a><\/span><span class=\"post_category\"><a href=\"https:\/\/seesaw-foto.com\/de\/category\/beispielhafte-ereignisse\/\" rel=\"category tag\">Beispielhafte Ereignisse<\/a> <a href=\"https:\/\/seesaw-foto.com\/de\/category\/event-photography-de\/\" rel=\"category tag\">Event photography<\/a> <a href=\"https:\/\/seesaw-foto.com\/de\/category\/event-fotografie\/\" rel=\"category tag\">Event-Fotografie<\/a> <a href=\"https:\/\/seesaw-foto.com\/de\/category\/fallstudie\/\" rel=\"category tag\">Fallstudie<\/a> <a href=\"https:\/\/seesaw-foto.com\/de\/category\/unkategorisiert\/\" rel=\"category tag\">Unkategorisiert<\/a><\/span><\/div><\/div><h2 class=\"blogpost_title\"><a href=\"https:\/\/seesaw-foto.com\/de\/veranstaltungsfotografie-10x-genomics\/\">Veranstaltungsfotografie &#8211; 10x Genomics<\/a><\/h2><div class=\"blog_item_description\">Fotodokumentation der 10xGenomics-Veranstaltung in Berlin\nEventfotografie ist ein wichtiger Bestandteil des Unternehmensmarketings. Es hilft Unternehmen, ihre Veranstaltungen, Konferenzen oder Ausstellungen sowohl f\u00fcr Kunden als auch f\u00fcr andere Parteien zu pr\u00e4sentieren. Das 10xGenomics-Team hat die Veranstaltung hervorragend fotografiert. Sie waren in der Lage, alle Nuancen...<\/div><div class=\"clear post_clear\"><\/div><div class=\"gt3_post_footer\"><div class=\"gt3_module_button_list\"><a href=\"https:\/\/seesaw-foto.com\/de\/veranstaltungsfotografie-10x-genomics\/\">Read More<\/a><\/div><div class=\"clear\"><\/div><\/div><\/div>\r\n\t\t\t\t\t\t<\/div>\r\n\t\t\t\t\t<\/div>\r\n\t\t\t\t\t<div class=\"blog_post_preview isotope_item isotope-item  format-standard-image tipps-fur-veranstaltungsplaner packery_blog_item_5  \">\r\n                        <div class=\"item_wrapper\" >\r\n                            <div class=\"blog_content\"><div class=\"blog_post_media\"><a href=\"https:\/\/seesaw-foto.com\/de\/videodokumentation-eines-keynote-speakers\/\"><img decoding=\"async\" src=\"https:\/\/seesaw-foto.com\/wp-content\/uploads\/2020\/11\/xylem-watermark-3-1024x683-1.jpg\" alt=\"\" \/><\/a><\/div><div class=\"gt3_page_title_cats\"><span class=\"post_category\"><a href=\"https:\/\/seesaw-foto.com\/de\/category\/tipps-fur-veranstaltungsplaner\/\" rel=\"category tag\">Tipps f\u00fcr Veranstaltungsplaner<\/a><\/span><\/div><div class=\"listing_meta_wrap\"><div class=\"listing_meta\"><span class=\"post_date\">November 8, 2021<\/span><span class=\"post_author\">by <a href=\"https:\/\/seesaw-foto.com\/de\/author\/yehuda\/\">yehuda<\/a><\/span><span class=\"post_category\"><a href=\"https:\/\/seesaw-foto.com\/de\/category\/tipps-fur-veranstaltungsplaner\/\" rel=\"category tag\">Tipps f\u00fcr Veranstaltungsplaner<\/a><\/span><\/div><\/div><h2 class=\"blogpost_title\"><a href=\"https:\/\/seesaw-foto.com\/de\/videodokumentation-eines-keynote-speakers\/\">VIDEODOKUMENTATION EINES KEYNOTE-SPEAKERS<\/a><\/h2><div class=\"blog_item_description\">Einige Tipps f\u00fcr eine hochwertige Videodokumentation von Veranstaltungen\n&#8211; Wie Sie eine interessante und unterhaltsame Videodokumentation eines Keynote-Speakers erstellen\nBedarf:\nWenn Sie den Redner ausschlie\u00dflich zu Archivzwecken dokumentieren m\u00f6chten, reicht ein Blickwinkel aus.Wenn Sie einen fesselnden und viralen Vortrag erstellen m\u00f6chten, ist es besser, mehr als...<\/div><div class=\"clear post_clear\"><\/div><div class=\"gt3_post_footer\"><div class=\"gt3_module_button_list\"><a href=\"https:\/\/seesaw-foto.com\/de\/videodokumentation-eines-keynote-speakers\/\">Read More<\/a><\/div><div class=\"clear\"><\/div><\/div><\/div>\r\n\t\t\t\t\t\t<\/div>\r\n\t\t\t\t\t<\/div>\r\n\t\t\t\t\t<ul class=\"pagerblock\"><li><a href='https:\/\/seesaw-foto.com\/de\/wp-json\/wp\/v2\/pages\/11092\/' class='current'>1<\/a><\/li><li><a href='https:\/\/seesaw-foto.com\/de\/wp-json\/wp\/v2\/pages\/11092\/page\/2\/'>2<\/a><\/li><li><a href='https:\/\/seesaw-foto.com\/de\/wp-json\/wp\/v2\/pages\/11092\/page\/3\/'>3<\/a><\/li><li><a href='https:\/\/seesaw-foto.com\/de\/wp-json\/wp\/v2\/pages\/11092\/page\/4\/'>4<\/a><\/li><li><a href='https:\/\/seesaw-foto.com\/de\/wp-json\/wp\/v2\/pages\/11092\/page\/5\/'>5<\/a><\/li><li><a href='https:\/\/seesaw-foto.com\/de\/wp-json\/wp\/v2\/pages\/11092\/page\/6\/'>6<\/a><\/li><li class=\"next_page\"><a href=\"https:\/\/seesaw-foto.com\/de\/wp-json\/wp\/v2\/pages\/11092\/page\/2\/\"><i class=\"fa fa-angle-right\"><\/i><\/a><\/li><\/ul>\t<\/div>\r\n\t\t\t\t<\/div>\n\t\t\t\t<\/div>\n\t\t\t\t\t<\/div>\n\t\t<\/div>\n\t\t\t\t\t<\/div>\n\t\t<\/section>\n\t\t\t\t<\/div>\n\t\t","protected":false},"excerpt":{"rendered":"<p>Editorial FashionJuly 2, 2019by MichaelEditorial Fashion2 The Desolate Beauty of Greenland Ballet and Pilates inspired workouts are great if you want to build long, lean \u201cbeauty\u201d muscles, but thanks to CrossFit, I\u2019ve grown to appreciate the glamour of women who deadlift, pull up and muscle up \u2014 and not because the effort. Read More Share [&hellip;]<\/p>\n","protected":false},"author":3,"featured_media":0,"parent":0,"menu_order":0,"comment_status":"closed","ping_status":"closed","template":"","meta":{"footnotes":""},"class_list":["post-11092","page","type-page","status-publish","hentry"],"yoast_head":"<!-- This site is optimized with the Yoast SEO Premium plugin v20.7 (Yoast SEO v27.1.1) - https:\/\/yoast.com\/product\/yoast-seo-premium-wordpress\/ -->\n<title>Journal - SeeSaw | Photographer + Videographer for Events<\/title>\n<meta name=\"robots\" content=\"index, follow, max-snippet:-1, max-image-preview:large, max-video-preview:-1\" \/>\n<link rel=\"canonical\" href=\"https:\/\/seesaw-foto.com\/de\/journal\/\" \/>\n<meta property=\"og:locale\" content=\"de_DE\" \/>\n<meta property=\"og:type\" content=\"article\" \/>\n<meta property=\"og:title\" content=\"Journal\" \/>\n<meta property=\"og:description\" content=\"Editorial FashionJuly 2, 2019by MichaelEditorial Fashion2 The Desolate Beauty of Greenland Ballet and Pilates inspired workouts are great if you want to build long, lean \u201cbeauty\u201d muscles, but thanks to CrossFit, I\u2019ve grown to appreciate the glamour of women who deadlift, pull up and muscle up \u2014 and not because the effort. Read More Share [&hellip;]\" \/>\n<meta property=\"og:url\" content=\"https:\/\/seesaw-foto.com\/de\/journal\/\" \/>\n<meta property=\"og:site_name\" content=\"SeeSaw | Photographer + Videographer for Events\" \/>\n<meta property=\"article:publisher\" content=\"https:\/\/web.facebook.com\/EventPhotographyBerlin\" \/>\n<meta property=\"article:modified_time\" content=\"2023-04-11T23:40:23+00:00\" \/>\n<meta property=\"og:image\" content=\"https:\/\/livewp.site\/wp\/md\/oni\/wp-content\/uploads\/sites\/60\/2019\/07\/Post-Slide-1170x700.jpg\" \/>\n<meta name=\"twitter:card\" content=\"summary_large_image\" \/>\n<meta name=\"twitter:label1\" content=\"Gesch\u00e4tzte Lesezeit\" \/>\n\t<meta name=\"twitter:data1\" content=\"1\u00a0Minute\" \/>\n<!-- \/ Yoast SEO Premium plugin. -->","yoast_head_json":{"title":"Journal - SeeSaw | Photographer + Videographer for Events","robots":{"index":"index","follow":"follow","max-snippet":"max-snippet:-1","max-image-preview":"max-image-preview:large","max-video-preview":"max-video-preview:-1"},"canonical":"https:\/\/seesaw-foto.com\/de\/journal\/","og_locale":"de_DE","og_type":"article","og_title":"Journal","og_description":"Editorial FashionJuly 2, 2019by MichaelEditorial Fashion2 The Desolate Beauty of Greenland Ballet and Pilates inspired workouts are great if you want to build long, lean \u201cbeauty\u201d muscles, but thanks to CrossFit, I\u2019ve grown to appreciate the glamour of women who deadlift, pull up and muscle up \u2014 and not because the effort. Read More Share [&hellip;]","og_url":"https:\/\/seesaw-foto.com\/de\/journal\/","og_site_name":"SeeSaw | Photographer + Videographer for Events","article_publisher":"https:\/\/web.facebook.com\/EventPhotographyBerlin","article_modified_time":"2023-04-11T23:40:23+00:00","og_image":[{"url":"https:\/\/livewp.site\/wp\/md\/oni\/wp-content\/uploads\/sites\/60\/2019\/07\/Post-Slide-1170x700.jpg","type":"","width":"","height":""}],"twitter_card":"summary_large_image","twitter_misc":{"Gesch\u00e4tzte Lesezeit":"1\u00a0Minute"},"schema":{"@context":"https:\/\/schema.org","@graph":[{"@type":"WebPage","@id":"https:\/\/seesaw-foto.com\/de\/journal\/","url":"https:\/\/seesaw-foto.com\/de\/journal\/","name":"Journal - SeeSaw | Photographer + Videographer for Events","isPartOf":{"@id":"https:\/\/seesaw-foto.com\/de\/#website"},"primaryImageOfPage":{"@id":"https:\/\/seesaw-foto.com\/de\/journal\/#primaryimage"},"image":{"@id":"https:\/\/seesaw-foto.com\/de\/journal\/#primaryimage"},"thumbnailUrl":"https:\/\/livewp.site\/wp\/md\/oni\/wp-content\/uploads\/sites\/60\/2019\/07\/Post-Slide-1170x700.jpg","datePublished":"2019-05-24T06:08:44+00:00","dateModified":"2023-04-11T23:40:23+00:00","breadcrumb":{"@id":"https:\/\/seesaw-foto.com\/de\/journal\/#breadcrumb"},"inLanguage":"de","potentialAction":[{"@type":"ReadAction","target":["https:\/\/seesaw-foto.com\/de\/journal\/"]}]},{"@type":"ImageObject","inLanguage":"de","@id":"https:\/\/seesaw-foto.com\/de\/journal\/#primaryimage","url":"https:\/\/livewp.site\/wp\/md\/oni\/wp-content\/uploads\/sites\/60\/2019\/07\/Post-Slide-1170x700.jpg","contentUrl":"https:\/\/livewp.site\/wp\/md\/oni\/wp-content\/uploads\/sites\/60\/2019\/07\/Post-Slide-1170x700.jpg"},{"@type":"BreadcrumbList","@id":"https:\/\/seesaw-foto.com\/de\/journal\/#breadcrumb","itemListElement":[{"@type":"ListItem","position":1,"name":"Home","item":"https:\/\/seesaw-foto.com\/de\/"},{"@type":"ListItem","position":2,"name":"Journal"}]},{"@type":"WebSite","@id":"https:\/\/seesaw-foto.com\/de\/#website","url":"https:\/\/seesaw-foto.com\/de\/","name":"SeeSaw | Photographer + Videographer for Events","description":"Event Photography and Event Video services in Berlin, Hamburg and Frankfurt for Corporate Events","publisher":{"@id":"https:\/\/seesaw-foto.com\/de\/#organization"},"potentialAction":[{"@type":"SearchAction","target":{"@type":"EntryPoint","urlTemplate":"https:\/\/seesaw-foto.com\/de\/?s={search_term_string}"},"query-input":{"@type":"PropertyValueSpecification","valueRequired":true,"valueName":"search_term_string"}}],"inLanguage":"de"},{"@type":"Organization","@id":"https:\/\/seesaw-foto.com\/de\/#organization","name":"See Saw event photography","url":"https:\/\/seesaw-foto.com\/de\/","logo":{"@type":"ImageObject","inLanguage":"de","@id":"https:\/\/seesaw-foto.com\/de\/#\/schema\/logo\/image\/","url":"https:\/\/www.seesaw-foto.com\/wp-content\/uploads\/2020\/11\/seesaw-print-1.png","contentUrl":"https:\/\/www.seesaw-foto.com\/wp-content\/uploads\/2020\/11\/seesaw-print-1.png","width":1448,"height":1549,"caption":"See Saw event photography"},"image":{"@id":"https:\/\/seesaw-foto.com\/de\/#\/schema\/logo\/image\/"},"sameAs":["https:\/\/web.facebook.com\/EventPhotographyBerlin","https:\/\/www.pinterest.de\/seesawagency\/"]}]}},"_links":{"self":[{"href":"https:\/\/seesaw-foto.com\/de\/wp-json\/wp\/v2\/pages\/11092","targetHints":{"allow":["GET"]}}],"collection":[{"href":"https:\/\/seesaw-foto.com\/de\/wp-json\/wp\/v2\/pages"}],"about":[{"href":"https:\/\/seesaw-foto.com\/de\/wp-json\/wp\/v2\/types\/page"}],"author":[{"embeddable":true,"href":"https:\/\/seesaw-foto.com\/de\/wp-json\/wp\/v2\/users\/3"}],"replies":[{"embeddable":true,"href":"https:\/\/seesaw-foto.com\/de\/wp-json\/wp\/v2\/comments?post=11092"}],"version-history":[{"count":0,"href":"https:\/\/seesaw-foto.com\/de\/wp-json\/wp\/v2\/pages\/11092\/revisions"}],"wp:attachment":[{"href":"https:\/\/seesaw-foto.com\/de\/wp-json\/wp\/v2\/media?parent=11092"}],"curies":[{"name":"wp","href":"https:\/\/api.w.org\/{rel}","templated":true}]}}